{"id":825,"date":"2022-01-17T13:06:28","date_gmt":"2022-01-17T12:06:28","guid":{"rendered":"https:\/\/anettevoneichel.de\/imprint\/"},"modified":"2025-03-19T10:30:22","modified_gmt":"2025-03-19T09:30:22","slug":"imprint","status":"publish","type":"page","link":"https:\/\/anettevoneichel.de\/en\/imprint\/","title":{"rendered":"Impressum"},"content":{"rendered":"<div class=\"wpb-content-wrapper\"><p>[vc_row][vc_column][vc_column_text uncode_shortcode_id=&#8221;750699&#8243;]<strong>Verantwortlich f\u00fcr die Inhalte (gem\u00e4\u00df \u00a7 5 TMG \/ \u00a7 55 II RStV)<\/strong><\/p>\n<p>Anette von Eichel<\/p>\n<p>Hochschule f\u00fcr Musik und Tanz K\u00f6ln<br \/>\nUnter Krahnenb\u00e4umen 87<br \/>\n50668 K\u00f6ln<br \/>\nDEUTSCHLAND<\/p>\n<p>Email: hallo@anettevoneichel.de<\/p>\n<p>Fotos von Maya Claussen, Lutz Voigtl\u00e4nder, Taya Chernyshova, Marcus Braun und Andrea Schneiders (bitte Fotograf nachfragen und bei Ver\u00f6ffentlichung vermelden)<\/p>\n<p>Plattenlabel:<br \/>\nDouble Moon Records c\/o<br \/>\nDeutsche Media Productions GmbH &amp; Co. KG<br \/>\nNeuenh\u00f6fer Allee 127<br \/>\n50935 K\u00f6ln<br \/>\nTel.: 0049-(0)221-130561-10<br \/>\nFax: 0049-(0)221-130561-19<br \/>\nwww.doublemoon.de<br \/>\ninfo@doublemoon.de<\/p>\n<p>Haftungsausschluss<\/p>\n<p>Wir \u00fcbernehmen keinerlei Gew\u00e4hr f\u00fcr die Aktualit\u00e4t, Korrektheit, Vollst\u00e4ndigkeit oder Qualit\u00e4t der bereitgestellten Informationen. Haftungsanspr\u00fcche gegen uns, welche sich auf Sch\u00e4den materieller oder ideeller Art beziehen, die durch die Nutzung oder Nichtnutzung der dargebotenen Informationen bzw. durch die Nutzung fehlerhafter und unvollst\u00e4ndiger Informationen verursacht wurden, sind grunds\u00e4tzlich ausgeschlossen, sofern seitens des Autors kein nachweislich vors\u00e4tzliches oder grob fahrl\u00e4ssiges Verschulden vorliegt. Alle Angebote sind freibleibend und unverbindlich. Wir behalten es uns ausdr\u00fccklich vor, Teile der Seiten oder das gesamte Angebot ohne gesonderte Ank\u00fcndigung zu ver\u00e4ndern, zu erg\u00e4nzen, zu l\u00f6schen oder die Ver\u00f6ffentlichung zeitweise oder endg\u00fcltig einzustellen.<br \/>\nVerweise und Links   <\/p>\n<p>Bei direkten oder indirekten Verweisen auf fremde Internetseiten (&#8220;Links&#8221;), die au\u00dferhalb unseres Verantwortungsbereiches liegen, w\u00fcrde eine Haftungsverpflichtung ausschlie\u00dflich in dem Fall in Kraft treten, in dem wir von den Inhalten Kenntnis haben und es ihm technisch m\u00f6glich und zumutbar w\u00e4re, die Nutzung im Falle rechtswidriger Inhalte zu verhindern.<br \/>\nWir erkl\u00e4ren hiermit ausdr\u00fccklich, dass zum Zeitpunkt der Linksetzung keine illegalen Inhalte auf den zu verlinkenden Seiten erkennbar waren. Auf die aktuelle und zuk\u00fcnftige Gestaltung, die Inhalte oder die Urheberschaft der gelinkten \/ verkn\u00fcpften Seiten hat der Autor keinerlei Einfluss. Deshalb distanzieren wir uns hiermit ausdr\u00fccklich von allen Inhalten aller gelinkten \/verkn\u00fcpften Seiten, die nach der Linksetzung ver\u00e4ndert wurden. Diese Feststellung gilt f\u00fcr alle innerhalb des eigenen Internetangebotes gesetzten Links und Verweise. F\u00fcr illegale, fehlerhafte oder unvollst\u00e4ndige Inhalte und insbesondere f\u00fcr Sch\u00e4den, die aus der Nutzung oder Nichtnutzung solcherart dargebotener Informationen entstehen, haftet allein der Anbieter der Seite, auf welche verwiesen wurde, nicht derjenige, der \u00fcber Links auf die jeweilige Ver\u00f6ffentlichung lediglich verweist.<br \/>\nUrheber- und Kennzeichenrecht    <\/p>\n<p>Wir sind bestrebt, in allen Publikationen die Urheberrechte der verwendeten Grafiken, Tondokumente, Videosequenzen und Texte zu beachten, selbst erstellte Grafiken, Tondokumente, Videosequenzen und Texte zu nutzen oder auf lizenzfreie Grafiken, Tondokumente, Videosequenzen und Texte zur\u00fcckzugreifen.<br \/>\nAlle innerhalb des Internetangebotes genannten und ggf. durch Dritte gesch\u00fctzten Marken- und Warenzeichen unterliegen uneingeschr\u00e4nkt den Bestimmungen des jeweils g\u00fcltigen Kennzeichenrechts und den Besitzrechten der jeweiligen eingetragenen Eigent\u00fcmer. Allein aufgrund der blo\u00dfen Nennung ist nicht der Schlu\u00df zu ziehen, dass Markenzeichen nicht durch Rechte Dritter gesch\u00fctzt sind!<br \/>\nDas Copyright f\u00fcr ver\u00f6ffentlichte, von uns selbst erstellte Objekte bleibt allein bei uns. Eine Vervielf\u00e4ltigung oder Verwendung solcher Grafiken, Tondokumente, Videosequenzen und Texte in anderen elektronischen oder gedruckten Publikationen ist ohne ausdr\u00fcckliche Zustimmung durch uns nicht gestattet.<br \/>\nDatenschutz <\/p>\n<p>Sofern innerhalb des Internetangebotes die M\u00f6glichkeit zur Eingabe pers\u00f6nlicher oder gesch\u00e4ftlicher Daten (Emailadressen, Namen, Anschriften) besteht, so erfolgt die Preisgabe dieser Daten seitens des Nutzers auf ausdr\u00fccklich freiwilliger Basis. Die Inanspruchnahme und Bezahlung aller angebotenen Dienste ist \u2013 soweit technisch m\u00f6glich und zumutbar \u2013 auch ohne Angabe solcher Daten bzw. unter Angabe anonymisierter Daten oder eines Pseudonyms gestattet.<br \/>\nRechtswirksamkeit dieses Haftungsausschlusses <\/p>\n<p>Dieser Haftungsausschluss ist als Teil des Internetangebotes zu betrachten, von dem aus auf diese Seite verwiesen wurde. Sofern Teile oder einzelne Formulierungen dieses Textes der geltenden Rechtslage nicht, nicht mehr oder nicht vollst\u00e4ndig entsprechen sollten, bleiben die \u00fcbrigen Teile des Dokumentes in ihrem Inhalt und ihrer G\u00fcltigkeit davon unber\u00fchrt.[\/vc_column_text][\/vc_column][\/vc_row]<\/p>\n<\/div>","protected":false},"excerpt":{"rendered":"<p>[vc_row][vc_column][vc_column_text uncode_shortcode_id=&#8221;750699&#8243;]Verantwortlich f\u00fcr die Inhalte (gem\u00e4\u00df \u00a7 5 TMG \/ \u00a7 55 II RStV) Anette von Eichel Hochschule f\u00fcr Musik [&hellip;]<\/p>\n","protected":false},"author":3,"featured_media":0,"parent":0,"menu_order":0,"comment_status":"closed","ping_status":"closed","template":"","meta":{"footnotes":""},"class_list":["post-825","page","type-page","status-publish","hentry"],"_links":{"self":[{"href":"https:\/\/anettevoneichel.de\/en\/wp-json\/wp\/v2\/pages\/825","targetHints":{"allow":["GET"]}}],"collection":[{"href":"https:\/\/anettevoneichel.de\/en\/wp-json\/wp\/v2\/pages"}],"about":[{"href":"https:\/\/anettevoneichel.de\/en\/wp-json\/wp\/v2\/types\/page"}],"author":[{"embeddable":true,"href":"https:\/\/anettevoneichel.de\/en\/wp-json\/wp\/v2\/users\/3"}],"replies":[{"embeddable":true,"href":"https:\/\/anettevoneichel.de\/en\/wp-json\/wp\/v2\/comments?post=825"}],"version-history":[{"count":11,"href":"https:\/\/anettevoneichel.de\/en\/wp-json\/wp\/v2\/pages\/825\/revisions"}],"predecessor-version":[{"id":985,"href":"https:\/\/anettevoneichel.de\/en\/wp-json\/wp\/v2\/pages\/825\/revisions\/985"}],"wp:attachment":[{"href":"https:\/\/anettevoneichel.de\/en\/wp-json\/wp\/v2\/media?parent=825"}],"curies":[{"name":"wp","href":"https:\/\/api.w.org\/{rel}","templated":true}]}}