{"id":1011,"date":"2021-09-09T14:25:41","date_gmt":"2021-09-09T12:25:41","guid":{"rendered":"https:\/\/anettevoneichel.de\/voices-noises-lungs-n-tongues\/"},"modified":"2025-03-19T10:41:06","modified_gmt":"2025-03-19T09:41:06","slug":"voices-noises-lungs-n-tongues","status":"publish","type":"page","link":"https:\/\/anettevoneichel.de\/en\/voices-noises-lungs-n-tongues\/","title":{"rendered":"Voices Noises Lungs &#8216;n&#8217; Tongues"},"content":{"rendered":"<div class=\"wpb-content-wrapper\"><p>[vc_row row_height_percent=&#8221;0&#8243; back_color=&#8221;color-107725&#8243; overlay_alpha=&#8221;50&#8243; gutter_size=&#8221;3&#8243; column_width_percent=&#8221;100&#8243; shift_y=&#8221;0&#8243; z_index=&#8221;0&#8243; uncode_shortcode_id=&#8221;363459&#8243; back_color_type=&#8221;uncode-palette&#8221;][vc_column width=&#8221;1\/1&#8243;][vc_single_image media=&#8221;525&#8243; media_width_percent=&#8221;100&#8243; uncode_shortcode_id=&#8221;101331&#8243;][\/vc_column][\/vc_row][vc_row row_height_percent=&#8221;0&#8243; override_padding=&#8221;yes&#8221; h_padding=&#8221;2&#8243; top_padding=&#8221;4&#8243; bottom_padding=&#8221;4&#8243; overlay_alpha=&#8221;50&#8243; gutter_size=&#8221;3&#8243; column_width_percent=&#8221;100&#8243; shift_y=&#8221;0&#8243; z_index=&#8221;0&#8243; uncode_shortcode_id=&#8221;189244&#8243;][vc_column width=&#8221;1\/2&#8243;][vc_single_image media=&#8221;394&#8243; media_width_percent=&#8221;100&#8243; uncode_shortcode_id=&#8221;148390&#8243;][\/vc_column][vc_column width=&#8221;1\/2&#8243;][vc_column_text uncode_shortcode_id=&#8221;107729&#8243;]<\/p>\n<h2>Voices Noises Lungs &#8216;n&#8217; Tongues<\/h2>\n<p>Here, you can hear two masters exploring and exchanging their sense of melody, harmony, timing, and joy of playing together! <\/p>\n<p>Hier h\u00f6rt man, wie zwei K\u00f6nner*innen gemeinsam und im Wechselspiel ihren Sinn f\u00fcr Melodie, Harmonie, Time und Spielfreude ausloten![\/vc_column_text][\/vc_column][\/vc_row]<\/p>\n<\/div>","protected":false},"excerpt":{"rendered":"<p>VoicesNoisesLungs\u2019n\u2019Tongues ist das experimentelle und wilde Bandabenteuer von Anette von Eichel am Gesang und Christof Thewes an der Posaune. Gesang und Posaune \u2013 vielleicht zwei der freiesten Instrumente, was Sounds angeht \u2013 treffen sich hier auf der Grenze von Freejazz, Song und Freier Improvisation. <\/p>\n","protected":false},"author":3,"featured_media":384,"parent":0,"menu_order":0,"comment_status":"closed","ping_status":"closed","template":"","meta":{"footnotes":""},"class_list":["post-1011","page","type-page","status-publish","has-post-thumbnail","hentry","page_category-projects"],"_links":{"self":[{"href":"https:\/\/anettevoneichel.de\/en\/wp-json\/wp\/v2\/pages\/1011","targetHints":{"allow":["GET"]}}],"collection":[{"href":"https:\/\/anettevoneichel.de\/en\/wp-json\/wp\/v2\/pages"}],"about":[{"href":"https:\/\/anettevoneichel.de\/en\/wp-json\/wp\/v2\/types\/page"}],"author":[{"embeddable":true,"href":"https:\/\/anettevoneichel.de\/en\/wp-json\/wp\/v2\/users\/3"}],"replies":[{"embeddable":true,"href":"https:\/\/anettevoneichel.de\/en\/wp-json\/wp\/v2\/comments?post=1011"}],"version-history":[{"count":2,"href":"https:\/\/anettevoneichel.de\/en\/wp-json\/wp\/v2\/pages\/1011\/revisions"}],"predecessor-version":[{"id":1013,"href":"https:\/\/anettevoneichel.de\/en\/wp-json\/wp\/v2\/pages\/1011\/revisions\/1013"}],"wp:featuredmedia":[{"embeddable":true,"href":"https:\/\/anettevoneichel.de\/en\/wp-json\/wp\/v2\/media\/384"}],"wp:attachment":[{"href":"https:\/\/anettevoneichel.de\/en\/wp-json\/wp\/v2\/media?parent=1011"}],"curies":[{"name":"wp","href":"https:\/\/api.w.org\/{rel}","templated":true}]}}